{"id":1958,"date":"2021-12-03T21:51:33","date_gmt":"2021-12-03T21:51:33","guid":{"rendered":"http:\/\/katasculptures.com\/?page_id=1958"},"modified":"2022-01-11T21:41:40","modified_gmt":"2022-01-11T21:41:40","slug":"vajarka-katarina-tripkovic-kolekcije","status":"publish","type":"page","link":"https:\/\/katasculptures.com\/?page_id=1958","title":{"rendered":"Kolekcije"},"content":{"rendered":"\t\t<div data-elementor-type=\"wp-page\" data-elementor-id=\"1958\" class=\"elementor elementor-1958\" data-elementor-settings=\"[]\">\n\t\t\t\t\t\t\t<div class=\"elementor-section-wrap\">\n\t\t\t\t\t\t\t<section class=\"elementor-section elementor-top-section elementor-element elementor-element-9b3177c elementor-section-boxed elementor-section-height-default elementor-section-height-default\" data-id=\"9b3177c\" data-element_type=\"section\">\n\t\t\t\t\t\t<div class=\"elementor-container elementor-column-gap-default\">\n\t\t\t\t\t<div class=\"elementor-column elementor-col-100 elementor-top-column elementor-element elementor-element-3b3d615\" data-id=\"3b3d615\" data-element_type=\"column\">\n\t\t\t<div class=\"elementor-widget-wrap elementor-element-populated\">\n\t\t\t\t\t\t\t\t<div class=\"elementor-element elementor-element-b1bcf2b elementor-widget elementor-widget-heading\" data-id=\"b1bcf2b\" data-element_type=\"widget\" data-widget_type=\"heading.default\">\n\t\t\t\t<div class=\"elementor-widget-container\">\n\t\t\t<h2 class=\"elementor-heading-title elementor-size-default\">Predstavljamo vam nekoliko kolekcija iz mno\u0161tvo realizovanih dela<\/h2>\t\t<\/div>\n\t\t\t\t<\/div>\n\t\t\t\t\t<\/div>\n\t\t<\/div>\n\t\t\t\t\t\t\t<\/div>\n\t\t<\/section>\n\t\t\t\t<section class=\"elementor-section elementor-top-section elementor-element elementor-element-bf66d5e elementor-section-boxed elementor-section-height-default elementor-section-height-default\" data-id=\"bf66d5e\" data-element_type=\"section\">\n\t\t\t\t\t\t<div class=\"elementor-container elementor-column-gap-default\">\n\t\t\t\t\t<div class=\"elementor-column elementor-col-25 elementor-top-column elementor-element elementor-element-c766fea\" data-id=\"c766fea\" data-element_type=\"column\">\n\t\t\t<div class=\"elementor-widget-wrap elementor-element-populated\">\n\t\t\t\t\t\t\t\t<div class=\"elementor-element elementor-element-d76ab89 elementor-widget elementor-widget-image\" data-id=\"d76ab89\" data-element_type=\"widget\" data-widget_type=\"image.default\">\n\t\t\t\t<div class=\"elementor-widget-container\">\n\t\t\t\t\t\t\t\t\t\t\t\t<figure class=\"wp-caption\">\n\t\t\t\t\t\t\t\t\t\t\t<a href=\"https:\/\/katasculptures.com\/?collection=katarina-tripkovic-biste\">\n\t\t\t\t\t\t\t<img loading=\"lazy\" decoding=\"async\" width=\"640\" height=\"699\" src=\"https:\/\/katasculptures.com\/wp-content\/uploads\/2021\/12\/Vajarka-Katarina-Tripkovic\u0301-Poznati-vajari-Najpoznatiji-vajari-Primenjeno-vajarstvo-Vajarstvo-Beograd-kata-sculptures-91-n-937x1024.jpg\" class=\"attachment-large size-large\" alt=\"\" srcset=\"https:\/\/katasculptures.com\/wp-content\/uploads\/2021\/12\/Vajarka-Katarina-Tripkovic\u0301-Poznati-vajari-Najpoznatiji-vajari-Primenjeno-vajarstvo-Vajarstvo-Beograd-kata-sculptures-91-n-937x1024.jpg 937w, https:\/\/katasculptures.com\/wp-content\/uploads\/2021\/12\/Vajarka-Katarina-Tripkovic\u0301-Poznati-vajari-Najpoznatiji-vajari-Primenjeno-vajarstvo-Vajarstvo-Beograd-kata-sculptures-91-n-275x300.jpg 275w, https:\/\/katasculptures.com\/wp-content\/uploads\/2021\/12\/Vajarka-Katarina-Tripkovic\u0301-Poznati-vajari-Najpoznatiji-vajari-Primenjeno-vajarstvo-Vajarstvo-Beograd-kata-sculptures-91-n-768x839.jpg 768w, https:\/\/katasculptures.com\/wp-content\/uploads\/2021\/12\/Vajarka-Katarina-Tripkovic\u0301-Poznati-vajari-Najpoznatiji-vajari-Primenjeno-vajarstvo-Vajarstvo-Beograd-kata-sculptures-91-n.jpg 1098w\" sizes=\"auto, (max-width: 640px) 100vw, 640px\" \/>\t\t\t\t\t\t\t\t<\/a>\n\t\t\t\t\t\t\t\t\t\t\t<figcaption class=\"widget-image-caption wp-caption-text\">Dela u javnom prostoru<\/figcaption>\n\t\t\t\t\t\t\t\t\t\t<\/figure>\n\t\t\t\t\t\t\t\t\t<\/div>\n\t\t\t\t<\/div>\n\t\t\t\t\t<\/div>\n\t\t<\/div>\n\t\t\t\t<div class=\"elementor-column elementor-col-25 elementor-top-column elementor-element elementor-element-41c0331\" data-id=\"41c0331\" data-element_type=\"column\">\n\t\t\t<div class=\"elementor-widget-wrap elementor-element-populated\">\n\t\t\t\t\t\t\t\t<div class=\"elementor-element elementor-element-78c01d7 elementor-widget elementor-widget-image\" data-id=\"78c01d7\" data-element_type=\"widget\" data-widget_type=\"image.default\">\n\t\t\t\t<div class=\"elementor-widget-container\">\n\t\t\t\t\t\t\t\t\t\t\t\t<figure class=\"wp-caption\">\n\t\t\t\t\t\t\t\t\t\t\t<a href=\"https:\/\/katasculptures.com\/?collection=katarina-tripkovic-pehari-nagrade\">\n\t\t\t\t\t\t\t<img loading=\"lazy\" decoding=\"async\" width=\"640\" height=\"699\" src=\"https:\/\/katasculptures.com\/wp-content\/uploads\/2021\/12\/Vajarka-Katarina-Tripkovic\u0301-Poznati-vajari-Najpoznatiji-vajari-Primenjeno-vajarstvo-Vajarstvo-Beograd-kata-sculptures-96-n-937x1024.jpg\" class=\"attachment-large size-large\" alt=\"\" srcset=\"https:\/\/katasculptures.com\/wp-content\/uploads\/2021\/12\/Vajarka-Katarina-Tripkovic\u0301-Poznati-vajari-Najpoznatiji-vajari-Primenjeno-vajarstvo-Vajarstvo-Beograd-kata-sculptures-96-n-937x1024.jpg 937w, https:\/\/katasculptures.com\/wp-content\/uploads\/2021\/12\/Vajarka-Katarina-Tripkovic\u0301-Poznati-vajari-Najpoznatiji-vajari-Primenjeno-vajarstvo-Vajarstvo-Beograd-kata-sculptures-96-n-275x300.jpg 275w, https:\/\/katasculptures.com\/wp-content\/uploads\/2021\/12\/Vajarka-Katarina-Tripkovic\u0301-Poznati-vajari-Najpoznatiji-vajari-Primenjeno-vajarstvo-Vajarstvo-Beograd-kata-sculptures-96-n-768x839.jpg 768w, https:\/\/katasculptures.com\/wp-content\/uploads\/2021\/12\/Vajarka-Katarina-Tripkovic\u0301-Poznati-vajari-Najpoznatiji-vajari-Primenjeno-vajarstvo-Vajarstvo-Beograd-kata-sculptures-96-n.jpg 1098w\" sizes=\"auto, (max-width: 640px) 100vw, 640px\" \/>\t\t\t\t\t\t\t\t<\/a>\n\t\t\t\t\t\t\t\t\t\t\t<figcaption class=\"widget-image-caption wp-caption-text\">Pehari i Nagrade<\/figcaption>\n\t\t\t\t\t\t\t\t\t\t<\/figure>\n\t\t\t\t\t\t\t\t\t<\/div>\n\t\t\t\t<\/div>\n\t\t\t\t\t<\/div>\n\t\t<\/div>\n\t\t\t\t<div class=\"elementor-column elementor-col-25 elementor-top-column elementor-element elementor-element-7d74931\" data-id=\"7d74931\" data-element_type=\"column\">\n\t\t\t<div class=\"elementor-widget-wrap elementor-element-populated\">\n\t\t\t\t\t\t\t\t<div class=\"elementor-element elementor-element-cb27b96 elementor-widget elementor-widget-image\" data-id=\"cb27b96\" data-element_type=\"widget\" data-widget_type=\"image.default\">\n\t\t\t\t<div class=\"elementor-widget-container\">\n\t\t\t\t\t\t\t\t\t\t\t\t<figure class=\"wp-caption\">\n\t\t\t\t\t\t\t\t\t\t\t<a href=\"https:\/\/katasculptures.com\/?collection=katarina-tripkovic-pokret-balerine\" target=\"_blank\">\n\t\t\t\t\t\t\t<img loading=\"lazy\" decoding=\"async\" width=\"640\" height=\"699\" src=\"https:\/\/katasculptures.com\/wp-content\/uploads\/2021\/03\/Vajarka-Katarina-Tripkovic\u0301-Poznati-vajari-Najpoznatiji-vajari-Primenjeno-vajarstvo-Vajarstvo-Beograd-kata-sculptures-54-detalj-937x1024.jpg\" class=\"attachment-large size-large\" alt=\"Vajarka. Katarina Tripkovi\u0107\" srcset=\"https:\/\/katasculptures.com\/wp-content\/uploads\/2021\/03\/Vajarka-Katarina-Tripkovic\u0301-Poznati-vajari-Najpoznatiji-vajari-Primenjeno-vajarstvo-Vajarstvo-Beograd-kata-sculptures-54-detalj-937x1024.jpg 937w, https:\/\/katasculptures.com\/wp-content\/uploads\/2021\/03\/Vajarka-Katarina-Tripkovic\u0301-Poznati-vajari-Najpoznatiji-vajari-Primenjeno-vajarstvo-Vajarstvo-Beograd-kata-sculptures-54-detalj-275x300.jpg 275w, https:\/\/katasculptures.com\/wp-content\/uploads\/2021\/03\/Vajarka-Katarina-Tripkovic\u0301-Poznati-vajari-Najpoznatiji-vajari-Primenjeno-vajarstvo-Vajarstvo-Beograd-kata-sculptures-54-detalj-768x839.jpg 768w, https:\/\/katasculptures.com\/wp-content\/uploads\/2021\/03\/Vajarka-Katarina-Tripkovic\u0301-Poznati-vajari-Najpoznatiji-vajari-Primenjeno-vajarstvo-Vajarstvo-Beograd-kata-sculptures-54-detalj.jpg 1098w\" sizes=\"auto, (max-width: 640px) 100vw, 640px\" \/>\t\t\t\t\t\t\t\t<\/a>\n\t\t\t\t\t\t\t\t\t\t\t<figcaption class=\"widget-image-caption wp-caption-text\">\"Pokret\"<\/figcaption>\n\t\t\t\t\t\t\t\t\t\t<\/figure>\n\t\t\t\t\t\t\t\t\t<\/div>\n\t\t\t\t<\/div>\n\t\t\t\t\t<\/div>\n\t\t<\/div>\n\t\t\t\t<div class=\"elementor-column elementor-col-25 elementor-top-column elementor-element elementor-element-cd191da\" data-id=\"cd191da\" data-element_type=\"column\">\n\t\t\t<div class=\"elementor-widget-wrap elementor-element-populated\">\n\t\t\t\t\t\t\t\t<div class=\"elementor-element elementor-element-0f3a023 elementor-widget elementor-widget-image\" data-id=\"0f3a023\" data-element_type=\"widget\" data-widget_type=\"image.default\">\n\t\t\t\t<div class=\"elementor-widget-container\">\n\t\t\t\t\t\t\t\t\t\t\t\t<figure class=\"wp-caption\">\n\t\t\t\t\t\t\t\t\t\t\t<a href=\"https:\/\/katasculptures.com\/?collection=katarina-tripkovic-jasenovac\">\n\t\t\t\t\t\t\t<img loading=\"lazy\" decoding=\"async\" width=\"640\" height=\"699\" src=\"https:\/\/katasculptures.com\/wp-content\/uploads\/2021\/12\/Vajarka-Katarina-Tripkovic\u0301-Poznati-vajari-Najpoznatiji-vajari-Primenjeno-vajarstvo-Vajarstvo-Beograd-kata-sculptures-drugi-jahac-CRVENO-2-937x1024.jpg\" class=\"attachment-large size-large\" alt=\"Vajarka. Katarina Tripkovi\u0107\" srcset=\"https:\/\/katasculptures.com\/wp-content\/uploads\/2021\/12\/Vajarka-Katarina-Tripkovic\u0301-Poznati-vajari-Najpoznatiji-vajari-Primenjeno-vajarstvo-Vajarstvo-Beograd-kata-sculptures-drugi-jahac-CRVENO-2-937x1024.jpg 937w, https:\/\/katasculptures.com\/wp-content\/uploads\/2021\/12\/Vajarka-Katarina-Tripkovic\u0301-Poznati-vajari-Najpoznatiji-vajari-Primenjeno-vajarstvo-Vajarstvo-Beograd-kata-sculptures-drugi-jahac-CRVENO-2-275x300.jpg 275w, https:\/\/katasculptures.com\/wp-content\/uploads\/2021\/12\/Vajarka-Katarina-Tripkovic\u0301-Poznati-vajari-Najpoznatiji-vajari-Primenjeno-vajarstvo-Vajarstvo-Beograd-kata-sculptures-drugi-jahac-CRVENO-2-768x839.jpg 768w, https:\/\/katasculptures.com\/wp-content\/uploads\/2021\/12\/Vajarka-Katarina-Tripkovic\u0301-Poznati-vajari-Najpoznatiji-vajari-Primenjeno-vajarstvo-Vajarstvo-Beograd-kata-sculptures-drugi-jahac-CRVENO-2.jpg 1098w\" sizes=\"auto, (max-width: 640px) 100vw, 640px\" \/>\t\t\t\t\t\t\t\t<\/a>\n\t\t\t\t\t\t\t\t\t\t\t<figcaption class=\"widget-image-caption wp-caption-text\">\"Jasenovac - Pravo na nezaborav\"<\/figcaption>\n\t\t\t\t\t\t\t\t\t\t<\/figure>\n\t\t\t\t\t\t\t\t\t<\/div>\n\t\t\t\t<\/div>\n\t\t\t\t\t<\/div>\n\t\t<\/div>\n\t\t\t\t\t\t\t<\/div>\n\t\t<\/section>\n\t\t\t\t<section class=\"elementor-section elementor-top-section elementor-element elementor-element-3a0b47b elementor-section-boxed elementor-section-height-default elementor-section-height-default\" data-id=\"3a0b47b\" data-element_type=\"section\">\n\t\t\t\t\t\t<div class=\"elementor-container elementor-column-gap-default\">\n\t\t\t\t\t<div class=\"elementor-column elementor-col-100 elementor-top-column elementor-element elementor-element-a9efac2\" data-id=\"a9efac2\" data-element_type=\"column\">\n\t\t\t<div class=\"elementor-widget-wrap elementor-element-populated\">\n\t\t\t\t\t\t\t\t<div class=\"elementor-element elementor-element-b4acb88 elementor-widget elementor-widget-spacer\" data-id=\"b4acb88\" data-element_type=\"widget\" data-widget_type=\"spacer.default\">\n\t\t\t\t<div class=\"elementor-widget-container\">\n\t\t\t\t\t<div class=\"elementor-spacer\">\n\t\t\t<div class=\"elementor-spacer-inner\"><\/div>\n\t\t<\/div>\n\t\t\t\t<\/div>\n\t\t\t\t<\/div>\n\t\t\t\t\t<\/div>\n\t\t<\/div>\n\t\t\t\t\t\t\t<\/div>\n\t\t<\/section>\n\t\t\t\t<section class=\"elementor-section elementor-top-section elementor-element elementor-element-126e78e elementor-section-stretched elementor-section-boxed elementor-section-height-default elementor-section-height-default\" data-id=\"126e78e\" data-element_type=\"section\" data-settings=\"{&quot;background_background&quot;:&quot;classic&quot;,&quot;stretch_section&quot;:&quot;section-stretched&quot;}\">\n\t\t\t\t\t\t<div class=\"elementor-container elementor-column-gap-default\">\n\t\t\t\t\t<div class=\"elementor-column elementor-col-100 elementor-top-column elementor-element elementor-element-90b54f1\" data-id=\"90b54f1\" data-element_type=\"column\">\n\t\t\t<div class=\"elementor-widget-wrap elementor-element-populated\">\n\t\t\t\t\t\t\t\t<div class=\"elementor-element elementor-element-260b141 elementor-widget elementor-widget-note-box\" data-id=\"260b141\" data-element_type=\"widget\" data-widget_type=\"note-box.default\">\n\t\t\t\t<div class=\"elementor-widget-container\">\n\t\t\t<div class=\"note-box\" data-scroll data-scroll-speed=\"\">\n    <h2>Izlo\u017ebe<\/h2>\n      <p><span style=\"color: #000000\"><strong><em>Vajarka, Katarina Tripkovi\u0107<\/em><\/strong> <em>je izlagala \u0161irom sveta, ba\u0161 tako, od Ujedinjenih nacija, Jerusalima, Rumunije sve do mog Beograda.<br \/><\/em><\/span><\/p><p><span style=\"color: #000000\"><em>Izlo\u017ebena aktivnost je prikaz dela kreiranih iz fantazije samog umetnika<\/em>. <strong>U\u017eivajte u izlo\u017ebama<\/strong>!<\/span><\/p>  <\/div>\n\t\t<\/div>\n\t\t\t\t<\/div>\n\t\t\t\t\t<\/div>\n\t\t<\/div>\n\t\t\t\t\t\t\t<\/div>\n\t\t<\/section>\n\t\t\t\t<section class=\"elementor-section elementor-top-section elementor-element elementor-element-93328b0 elementor-section-boxed elementor-section-height-default elementor-section-height-default\" data-id=\"93328b0\" data-element_type=\"section\">\n\t\t\t\t\t\t<div class=\"elementor-container elementor-column-gap-default\">\n\t\t\t\t\t<div class=\"elementor-column elementor-col-100 elementor-top-column elementor-element elementor-element-3256623\" data-id=\"3256623\" data-element_type=\"column\">\n\t\t\t<div class=\"elementor-widget-wrap elementor-element-populated\">\n\t\t\t\t\t\t\t\t<div class=\"elementor-element elementor-element-0dad038 elementor-widget elementor-widget-spacer\" data-id=\"0dad038\" data-element_type=\"widget\" data-widget_type=\"spacer.default\">\n\t\t\t\t<div class=\"elementor-widget-container\">\n\t\t\t\t\t<div class=\"elementor-spacer\">\n\t\t\t<div class=\"elementor-spacer-inner\"><\/div>\n\t\t<\/div>\n\t\t\t\t<\/div>\n\t\t\t\t<\/div>\n\t\t\t\t\t<\/div>\n\t\t<\/div>\n\t\t\t\t\t\t\t<\/div>\n\t\t<\/section>\n\t\t\t\t\t\t<\/div>\n\t\t\t\t\t<\/div>\n\t\t","protected":false},"excerpt":{"rendered":"<p>Predstavljamo vam nekoliko kolekcija iz mno\u0161tvo realizovanih dela Dela u javnom prostoru Pehari i Nagrade &#8220;Pokret&#8221; &#8220;Jasenovac &#8211; Pravo na nezaborav&#8221; Izlo\u017ebe Vajarka, Katarina Tripkovi\u0107 je izlagala \u0161irom sveta, ba\u0161 tako, od Ujedinjenih nacija, Jerusalima, Rumunije sve do mog Beograda. Izlo\u017ebena aktivnost je prikaz dela kreiranih iz fantazije samog umetnika. U\u017eivajte u izlo\u017ebama!<\/p>\n","protected":false},"author":1,"featured_media":0,"parent":0,"menu_order":0,"comment_status":"closed","ping_status":"closed","template":"","meta":{"footnotes":""},"class_list":["post-1958","page","type-page","status-publish","hentry"],"yoast_head":"<!-- This site is optimized with the Yoast SEO plugin v17.5 - https:\/\/yoast.com\/wordpress\/plugins\/seo\/ -->\n<title>Kolekcije | sculptures | katatarina tripkovic | kata sculptor<\/title>\n<meta name=\"description\" content=\"Kata vajarstvo. Katarina Tripokovic. Vajarstvo kolekcije: biste, pehari i skulpture u prostoru. Livnica Gosi. Kata sculptor\" \/>\n<meta name=\"robots\" content=\"index, follow, max-snippet:-1, max-image-preview:large, max-video-preview:-1\" \/>\n<link rel=\"canonical\" href=\"https:\/\/katasculptures.com\/?page_id=1958\" \/>\n<meta property=\"og:locale\" content=\"en_US\" \/>\n<meta property=\"og:type\" content=\"article\" \/>\n<meta property=\"og:title\" content=\"Kolekcije | sculptures | katatarina tripkovic | kata sculptor\" \/>\n<meta property=\"og:description\" content=\"Kata vajarstvo. Katarina Tripokovic. Vajarstvo kolekcije: biste, pehari i skulpture u prostoru. Livnica Gosi. Kata sculptor\" \/>\n<meta property=\"og:url\" content=\"https:\/\/katasculptures.com\/?page_id=1958\" \/>\n<meta property=\"og:site_name\" content=\"sculptures\" \/>\n<meta property=\"article:modified_time\" content=\"2022-01-11T21:41:40+00:00\" \/>\n<meta property=\"og:image\" content=\"http:\/\/katasculptures.com\/wp-content\/uploads\/2021\/12\/Vajarka-Katarina-Tripkovic\u0301-Poznati-vajari-Najpoznatiji-vajari-Primenjeno-vajarstvo-Vajarstvo-Beograd-kata-sculptures-91-n-937x1024.jpg\" \/>\n<meta name=\"twitter:card\" content=\"summary_large_image\" \/>\n<meta name=\"twitter:label1\" content=\"Est. reading time\" \/>\n\t<meta name=\"twitter:data1\" content=\"2 minutes\" \/>\n<script type=\"application\/ld+json\" class=\"yoast-schema-graph\">{\"@context\":\"https:\/\/schema.org\",\"@graph\":[{\"@type\":[\"Person\",\"Organization\"],\"@id\":\"https:\/\/katasculptures.com\/#\/schema\/person\/a98f9aa80e1ce425422de644c3b4cead\",\"name\":\"kata\",\"image\":{\"@type\":\"ImageObject\",\"@id\":\"https:\/\/katasculptures.com\/#personlogo\",\"inLanguage\":\"en-US\",\"url\":\"https:\/\/katasculptures.com\/wp-content\/uploads\/2022\/01\/kata-sculptor-logo-za-preloader.png\",\"contentUrl\":\"https:\/\/katasculptures.com\/wp-content\/uploads\/2022\/01\/kata-sculptor-logo-za-preloader.png\",\"width\":512,\"height\":512,\"caption\":\"kata\"},\"logo\":{\"@id\":\"https:\/\/katasculptures.com\/#personlogo\"},\"sameAs\":[\"http:\/\/katasculptures.com\/wp\"]},{\"@type\":\"WebSite\",\"@id\":\"https:\/\/katasculptures.com\/#website\",\"url\":\"https:\/\/katasculptures.com\/\",\"name\":\"sculptures\",\"description\":\"Vajarka Kata sculptor\",\"publisher\":{\"@id\":\"https:\/\/katasculptures.com\/#\/schema\/person\/a98f9aa80e1ce425422de644c3b4cead\"},\"potentialAction\":[{\"@type\":\"SearchAction\",\"target\":{\"@type\":\"EntryPoint\",\"urlTemplate\":\"https:\/\/katasculptures.com\/?s={search_term_string}\"},\"query-input\":\"required name=search_term_string\"}],\"inLanguage\":\"en-US\"},{\"@type\":\"ImageObject\",\"@id\":\"https:\/\/katasculptures.com\/?page_id=1958#primaryimage\",\"inLanguage\":\"en-US\",\"url\":\"http:\/\/katasculptures.com\/wp-content\/uploads\/2021\/12\/Vajarka-Katarina-Tripkovic\\u0301-Poznati-vajari-Najpoznatiji-vajari-Primenjeno-vajarstvo-Vajarstvo-Beograd-kata-sculptures-91-n-937x1024.jpg\",\"contentUrl\":\"http:\/\/katasculptures.com\/wp-content\/uploads\/2021\/12\/Vajarka-Katarina-Tripkovic\\u0301-Poznati-vajari-Najpoznatiji-vajari-Primenjeno-vajarstvo-Vajarstvo-Beograd-kata-sculptures-91-n-937x1024.jpg\"},{\"@type\":\"WebPage\",\"@id\":\"https:\/\/katasculptures.com\/?page_id=1958#webpage\",\"url\":\"https:\/\/katasculptures.com\/?page_id=1958\",\"name\":\"Kolekcije | sculptures | katatarina tripkovic | kata sculptor\",\"isPartOf\":{\"@id\":\"https:\/\/katasculptures.com\/#website\"},\"primaryImageOfPage\":{\"@id\":\"https:\/\/katasculptures.com\/?page_id=1958#primaryimage\"},\"datePublished\":\"2021-12-03T21:51:33+00:00\",\"dateModified\":\"2022-01-11T21:41:40+00:00\",\"description\":\"Kata vajarstvo. Katarina Tripokovic. Vajarstvo kolekcije: biste, pehari i skulpture u prostoru. Livnica Gosi. Kata sculptor\",\"breadcrumb\":{\"@id\":\"https:\/\/katasculptures.com\/?page_id=1958#breadcrumb\"},\"inLanguage\":\"en-US\",\"potentialAction\":[{\"@type\":\"ReadAction\",\"target\":[\"https:\/\/katasculptures.com\/?page_id=1958\"]}]},{\"@type\":\"BreadcrumbList\",\"@id\":\"https:\/\/katasculptures.com\/?page_id=1958#breadcrumb\",\"itemListElement\":[{\"@type\":\"ListItem\",\"position\":1,\"name\":\"Home\",\"item\":\"https:\/\/katasculptures.com\/\"},{\"@type\":\"ListItem\",\"position\":2,\"name\":\"Kolekcije\"}]}]}<\/script>\n<!-- \/ Yoast SEO plugin. -->","yoast_head_json":{"title":"Kolekcije | sculptures | katatarina tripkovic | kata sculptor","description":"Kata vajarstvo. Katarina Tripokovic. Vajarstvo kolekcije: biste, pehari i skulpture u prostoru. Livnica Gosi. Kata sculptor","robots":{"index":"index","follow":"follow","max-snippet":"max-snippet:-1","max-image-preview":"max-image-preview:large","max-video-preview":"max-video-preview:-1"},"canonical":"https:\/\/katasculptures.com\/?page_id=1958","og_locale":"en_US","og_type":"article","og_title":"Kolekcije | sculptures | katatarina tripkovic | kata sculptor","og_description":"Kata vajarstvo. Katarina Tripokovic. Vajarstvo kolekcije: biste, pehari i skulpture u prostoru. Livnica Gosi. Kata sculptor","og_url":"https:\/\/katasculptures.com\/?page_id=1958","og_site_name":"sculptures","article_modified_time":"2022-01-11T21:41:40+00:00","og_image":[{"url":"http:\/\/katasculptures.com\/wp-content\/uploads\/2021\/12\/Vajarka-Katarina-Tripkovic\u0301-Poznati-vajari-Najpoznatiji-vajari-Primenjeno-vajarstvo-Vajarstvo-Beograd-kata-sculptures-91-n-937x1024.jpg"}],"twitter_card":"summary_large_image","twitter_misc":{"Est. reading time":"2 minutes"},"schema":{"@context":"https:\/\/schema.org","@graph":[{"@type":["Person","Organization"],"@id":"https:\/\/katasculptures.com\/#\/schema\/person\/a98f9aa80e1ce425422de644c3b4cead","name":"kata","image":{"@type":"ImageObject","@id":"https:\/\/katasculptures.com\/#personlogo","inLanguage":"en-US","url":"https:\/\/katasculptures.com\/wp-content\/uploads\/2022\/01\/kata-sculptor-logo-za-preloader.png","contentUrl":"https:\/\/katasculptures.com\/wp-content\/uploads\/2022\/01\/kata-sculptor-logo-za-preloader.png","width":512,"height":512,"caption":"kata"},"logo":{"@id":"https:\/\/katasculptures.com\/#personlogo"},"sameAs":["http:\/\/katasculptures.com\/wp"]},{"@type":"WebSite","@id":"https:\/\/katasculptures.com\/#website","url":"https:\/\/katasculptures.com\/","name":"sculptures","description":"Vajarka Kata sculptor","publisher":{"@id":"https:\/\/katasculptures.com\/#\/schema\/person\/a98f9aa80e1ce425422de644c3b4cead"},"potentialAction":[{"@type":"SearchAction","target":{"@type":"EntryPoint","urlTemplate":"https:\/\/katasculptures.com\/?s={search_term_string}"},"query-input":"required name=search_term_string"}],"inLanguage":"en-US"},{"@type":"ImageObject","@id":"https:\/\/katasculptures.com\/?page_id=1958#primaryimage","inLanguage":"en-US","url":"http:\/\/katasculptures.com\/wp-content\/uploads\/2021\/12\/Vajarka-Katarina-Tripkovic\u0301-Poznati-vajari-Najpoznatiji-vajari-Primenjeno-vajarstvo-Vajarstvo-Beograd-kata-sculptures-91-n-937x1024.jpg","contentUrl":"http:\/\/katasculptures.com\/wp-content\/uploads\/2021\/12\/Vajarka-Katarina-Tripkovic\u0301-Poznati-vajari-Najpoznatiji-vajari-Primenjeno-vajarstvo-Vajarstvo-Beograd-kata-sculptures-91-n-937x1024.jpg"},{"@type":"WebPage","@id":"https:\/\/katasculptures.com\/?page_id=1958#webpage","url":"https:\/\/katasculptures.com\/?page_id=1958","name":"Kolekcije | sculptures | katatarina tripkovic | kata sculptor","isPartOf":{"@id":"https:\/\/katasculptures.com\/#website"},"primaryImageOfPage":{"@id":"https:\/\/katasculptures.com\/?page_id=1958#primaryimage"},"datePublished":"2021-12-03T21:51:33+00:00","dateModified":"2022-01-11T21:41:40+00:00","description":"Kata vajarstvo. Katarina Tripokovic. Vajarstvo kolekcije: biste, pehari i skulpture u prostoru. Livnica Gosi. Kata sculptor","breadcrumb":{"@id":"https:\/\/katasculptures.com\/?page_id=1958#breadcrumb"},"inLanguage":"en-US","potentialAction":[{"@type":"ReadAction","target":["https:\/\/katasculptures.com\/?page_id=1958"]}]},{"@type":"BreadcrumbList","@id":"https:\/\/katasculptures.com\/?page_id=1958#breadcrumb","itemListElement":[{"@type":"ListItem","position":1,"name":"Home","item":"https:\/\/katasculptures.com\/"},{"@type":"ListItem","position":2,"name":"Kolekcije"}]}]}},"_links":{"self":[{"href":"https:\/\/katasculptures.com\/index.php?rest_route=\/wp\/v2\/pages\/1958","targetHints":{"allow":["GET"]}}],"collection":[{"href":"https:\/\/katasculptures.com\/index.php?rest_route=\/wp\/v2\/pages"}],"about":[{"href":"https:\/\/katasculptures.com\/index.php?rest_route=\/wp\/v2\/types\/page"}],"author":[{"embeddable":true,"href":"https:\/\/katasculptures.com\/index.php?rest_route=\/wp\/v2\/users\/1"}],"replies":[{"embeddable":true,"href":"https:\/\/katasculptures.com\/index.php?rest_route=%2Fwp%2Fv2%2Fcomments&post=1958"}],"version-history":[{"count":95,"href":"https:\/\/katasculptures.com\/index.php?rest_route=\/wp\/v2\/pages\/1958\/revisions"}],"predecessor-version":[{"id":2814,"href":"https:\/\/katasculptures.com\/index.php?rest_route=\/wp\/v2\/pages\/1958\/revisions\/2814"}],"wp:attachment":[{"href":"https:\/\/katasculptures.com\/index.php?rest_route=%2Fwp%2Fv2%2Fmedia&parent=1958"}],"curies":[{"name":"wp","href":"https:\/\/api.w.org\/{rel}","templated":true}]}}